{"id":684,"date":"2026-04-16T18:23:06","date_gmt":"2026-04-16T16:23:06","guid":{"rendered":"https:\/\/mamzel.nubedev.es\/privacy-policy\/"},"modified":"2026-04-23T14:04:24","modified_gmt":"2026-04-23T12:04:24","slug":"privacy-policy","status":"publish","type":"page","link":"https:\/\/mamzelmarbella.com\/es\/privacy-policy\/","title":{"rendered":"Privacy Policy"},"content":{"rendered":"<div\n    class=\"flex flex-col lg:flex-row justify-center lg:justify-center items-center lg:items-start w-full relative my-10 px-3 py-14 flex-wrap\">\n    <div id=\"long_text\" class=\"text-white\">\n        <h1>Privacy Policy<\/h1>\n<div>\n<p><i>Este texto legal ofrece informaci\u00f3n detallada sobre c\u00f3mo recopilamos y tratamos sus datos personales a trav\u00e9s del uso de nuestro sitio web https:\/\/mamzelmarbella.com, incluida cualquier informaci\u00f3n que nos facilite a trav\u00e9s del sitio al reservar una mesa o suscribirse a nuestro bolet\u00edn informativo.<\/i><\/p>\n<p>Al facilitarnos sus datos, le informamos de que nuestros servicios no est\u00e1n disponibles para aquellas personas a las que la normativa impide dar su consentimiento. Por lo tanto, al enviarnos los formularios, usted garantiza que tiene la capacidad suficiente para otorgar su consentimiento. <\/p>\n<p>A continuaci\u00f3n, le informamos sobre la pol\u00edtica de protecci\u00f3n de datos de: Grupo Casanis (puede consultar la lista de empresas en el anexo I).<\/p>\n<h2>1. Responsable del tratamiento<\/h2>\n<ul>\n<li>Datos de contacto: Grupo Casanis (v\u00e9ase el anexo I para consultar la lista de empresas).<\/li>\n<li>Address: Avenida Ricardo Soriano 36, Edificio Mar\u00eda III, 1\u00aa Planta, Puerta 103 29601 Marbella, M\u00e1laga.<\/li>\n<li>Tel\u00e9fono: 952900450 \/ 952770592.<\/li>\n<li>Delegado de Protecci\u00f3n de Datos (DPO): <a href=\"mailto:dpo@mamzelmarbella.com\">dpo@mamzelmarbella.com<\/a><\/li>\n<\/ul>\n<p>El Grupo Casanis es el responsable del tratamiento de sus datos (en lo sucesivo, \u00abnosotros\u00bb, \u00abnos\u00bb o \u00abnuestro\u00bb).<\/p>\n<h2>2. What Data Do We Collect?<\/h2>\n<p>El Reglamento General de Protecci\u00f3n de Datos define los datos personales como cualquier informaci\u00f3n relativa a una persona f\u00edsica identificada o identificable. Esto no incluye los datos an\u00f3nimos ni los datos porcentuales. <\/p>\n<p>En nuestro sitio web, podemos tratar determinados tipos de datos personales, entre los que se incluyen:<\/p>\n<ul>\n<li>Datos de identidad: nombre y apellidos.<\/li>\n<li>Datos personales: fecha de nacimiento y nacionalidad.<\/li>\n<li>Datos de contacto: correo electr\u00f3nico, tel\u00e9fono y direcci\u00f3n.<\/li>\n<\/ul>\n<p>No recopilamos ning\u00fan dato perteneciente a categor\u00edas especiales de datos personales (aquellos que revelen el origen racial o \u00e9tnico, las opiniones pol\u00edticas, las creencias religiosas o filos\u00f3ficas, la afiliaci\u00f3n sindical, as\u00ed como informaci\u00f3n sobre su salud, datos gen\u00e9ticos o biom\u00e9tricos).<\/p>\n<h2>3. \u00bfC\u00f3mo recopilamos tus datos personales?<\/h2>\n<p>    <span class=\"subtitle\">Interacci\u00f3n directa<\/span><\/p>\n<p>A trav\u00e9s de los formularios de nuestra p\u00e1gina web, por correo electr\u00f3nico, por tel\u00e9fono o por correo postal cuando solicite informaci\u00f3n, contrate servicios o se suscriba a publicaciones.<\/p>\n<p>    <span class=\"subtitle\">Automated Technologies<\/span><\/p>\n<p>Podemos recopilar autom\u00e1ticamente datos t\u00e9cnicos sobre su dispositivo y sus h\u00e1bitos de navegaci\u00f3n mediante cookies. Puede consultar nuestra Pol\u00edtica de cookies <a href=\"#\">aqu\u00ed<\/a>. <\/p>\n<p>    <span class=\"subtitle\">Terceros<\/span><\/p>\n<p>Google: datos anal\u00edticos o de b\u00fasqueda (fuera de la Uni\u00f3n Europea).<\/p>\n<h2>4. Finalidad y legitimidad<\/h2>\n<p>Los fines m\u00e1s habituales para los que utilizamos sus datos son la formalizaci\u00f3n de un contrato, cuando usted da su consentimiento, el cumplimiento de obligaciones legales o nuestros intereses leg\u00edtimos.<\/p>\n<details>\n<summary>Ver tabla de procesamiento de datos<\/summary>\n<ul>\n<li>Formulario de cenas privadas\/eventos: Se ha enviado la informaci\u00f3n. Fundamento: Consentimiento y medidas precontractuales. <\/li>\n<li>Formulario para unirse a la familia Nota Blu: Gestionado para solicitudes de afiliaci\u00f3n. Fundamento: Consentimiento e inter\u00e9s leg\u00edtimo. <\/li>\n<li>Formulario de reserva de mesa: destinado a la gesti\u00f3n de reservas. Fundamento: cumplimiento del contrato y obligaci\u00f3n legal. <\/li>\n<\/ul>\n<\/details>\n<h2>5. Conservaci\u00f3n de datos<\/h2>\n<p>Los datos se conservar\u00e1n durante el tiempo que sea necesario para cumplir con la finalidad para la que se recopilaron y para determinar posibles responsabilidades. Los datos de los suscriptores se conservar\u00e1n hasta que el usuario se d\u00e9 de baja. <\/p>\n<h2>6. Menores de edad<\/h2>\n<p>El Grupo Casanis no autoriza a los menores de 14 a\u00f1os a facilitar datos personales. Si un menor ha facilitado informaci\u00f3n, p\u00f3ngase en contacto con nosotros para solicitar el ejercicio de los derechos correspondientes. <\/p>\n<h2>7. Ejercicio de los derechos en materia de protecci\u00f3n de datos<\/h2>\n<p>Los usuarios pueden ponerse en contacto con la sede social o enviar un correo electr\u00f3nico a dpo@mamzelmarbella.com (adjuntando una copia de su documento de identidad) para ejercer sus derechos de:<\/p>\n<ul>\n<li><strong>Acceso, rectificaci\u00f3n y supresi\u00f3n (derecho al olvido).<\/strong><\/li>\n<li><strong>Limitaci\u00f3n del tratamiento y oposici\u00f3n.<\/strong><\/li>\n<li><strong>Portabilidad de los datos.<\/strong><\/li>\n<\/ul>\n<p>Tambi\u00e9n tiene derecho a presentar una reclamaci\u00f3n ante la Agencia Espa\u00f1ola de Protecci\u00f3n de Datos (AEPD) si considera que existe alg\u00fan problema con el tratamiento de sus datos.<\/p>\n<h2>8. Comunicaci\u00f3n de datos<\/h2>\n<p>Podemos compartir datos con proveedores de servicios externos (TI, gesti\u00f3n de sistemas) y asesores profesionales (abogados, auditores, aseguradoras) que act\u00faan como encargados del tratamiento de datos siguiendo nuestras instrucciones y de conformidad con el RGPD.<\/p>\n<h2>9. Seguridad de los datos<\/h2>\n<p>Hemos implementado las medidas de seguridad adecuadas para evitar que sus datos personales se pierdan accidentalmente, se utilicen indebidamente o sean objeto de un acceso no autorizado. Contamos con procedimientos para gestionar cualquier sospecha de violaci\u00f3n de la seguridad de los datos personales y le notificaremos a usted y a la autoridad reguladora competente cuando as\u00ed lo exija la ley. <\/p>\n<hr>\n<h3>ANEXO I<\/h3>\n<ul>\n<li>CASABUBU S.L. CIF: B-92486695. Inscrita en M\u00e1laga, vol. 3447, libro 2359, p\u00e1gina 86, folio MA-67288.<\/li>\n<li><strong>RESTOPLAGE MARBELLA S.L.<\/strong> CIF: B-93433365. Registered in M\u00e1laga, Vol. 5446, Book 4353, Page 176, Sheet MA-130582.<\/li>\n<li><strong>MZL Holding, S.L.<\/strong> CIF: B-93686194. Registered in M\u00e1laga, Vol. 5838, Book 4745, Page 62, Sheet MA150728.<\/li>\n<li><strong>BBCG MARBELLA S.L.<\/strong> CIF: B-93715852. Registered in M\u00e1laga, Vol. 5894, Book 4801, Page 166, Sheet MA153327.<\/li>\n<li><strong>MYCO MILANO, S.L.U.<\/strong> CIF: B-09674326. Registered in M\u00e1laga, Vol. 6127, Book 5034, Page 58, Sheet MA165398.<\/li>\n<\/ul>\n<\/div>\n\n    <\/div>\n<\/div>\n","protected":false},"excerpt":{"rendered":"","protected":false},"author":2,"featured_media":0,"parent":0,"menu_order":0,"comment_status":"closed","ping_status":"closed","template":"","meta":{"_acf_changed":false,"inline_featured_image":false,"footnotes":""},"class_list":["post-684","page","type-page","status-publish","hentry"],"acf":[],"_links":{"self":[{"href":"https:\/\/mamzelmarbella.com\/es\/wp-json\/wp\/v2\/pages\/684","targetHints":{"allow":["GET"]}}],"collection":[{"href":"https:\/\/mamzelmarbella.com\/es\/wp-json\/wp\/v2\/pages"}],"about":[{"href":"https:\/\/mamzelmarbella.com\/es\/wp-json\/wp\/v2\/types\/page"}],"author":[{"embeddable":true,"href":"https:\/\/mamzelmarbella.com\/es\/wp-json\/wp\/v2\/users\/2"}],"replies":[{"embeddable":true,"href":"https:\/\/mamzelmarbella.com\/es\/wp-json\/wp\/v2\/comments?post=684"}],"version-history":[{"count":1,"href":"https:\/\/mamzelmarbella.com\/es\/wp-json\/wp\/v2\/pages\/684\/revisions"}],"predecessor-version":[{"id":685,"href":"https:\/\/mamzelmarbella.com\/es\/wp-json\/wp\/v2\/pages\/684\/revisions\/685"}],"wp:attachment":[{"href":"https:\/\/mamzelmarbella.com\/es\/wp-json\/wp\/v2\/media?parent=684"}],"curies":[{"name":"wp","href":"https:\/\/api.w.org\/{rel}","templated":true}]}}