{"id":682,"date":"2026-04-16T18:22:32","date_gmt":"2026-04-16T16:22:32","guid":{"rendered":"https:\/\/mamzel.nubedev.es\/politica-de-cookies\/"},"modified":"2026-04-23T13:52:36","modified_gmt":"2026-04-23T11:52:36","slug":"politica-de-cookies","status":"publish","type":"page","link":"https:\/\/mamzelmarbella.com\/es\/politica-de-cookies\/","title":{"rendered":"Pol\u00edtica de cookies"},"content":{"rendered":"<div\n    class=\"flex flex-col lg:flex-row justify-center lg:justify-center items-center lg:items-start w-full relative my-10 px-3 py-14 flex-wrap\">\n    <div id=\"long_text\" class=\"text-white\">\n        <h1>  Pol\u00edtica de cookies<\/h1>\n<div>\n<p><i>Esta pol\u00edtica de cookies se actualiz\u00f3 por \u00faltima vez el 13-02-2025 y se aplica a los ciudadanos y residentes legales permanentes del Espacio Econ\u00f3mico Europeo y Suiza.<\/i><\/p>\n<h2>1. Introducci\u00f3n<\/h2>\n<p>Nuestro sitio web, <a href=\"https:\/\/mamzelmarbella.com\">https:\/\/mamzelmarbella.com<\/a> (en adelante: \u00abel sitio web\u00bb) utiliza cookies y otras tecnolog\u00edas relacionadas. En este documento, te informamos sobre su uso. <\/p>\n<h2>2. Cookies y tecnolog\u00edas<\/h2>\n<p>Utilizamos cookies t\u00e9cnicas para el funcionamiento del sitio web, estad\u00edsticas para analizar el tr\u00e1fico y cookies de marketing para mejorar nuestra publicidad. Algunas son instaladas por servicios de terceros como Google o Facebook. <\/p>\n<h2>3. Categor\u00edas de cookies<\/h2>\n<p>    <span class=\"subtitle\">3.1 T\u00e9cnicas o funcionales<\/span><\/p>\n<p>Estas garantizan que ciertas partes del sitio web funcionen correctamente (por ejemplo, el carrito de la compra o los ajustes de idioma). Se instalan sin necesidad de consentimiento previo. <\/p>\n<p>    <span class=\"subtitle\">3.2 Estad\u00edsticas y marketing<\/span><\/p>\n<p>Utilizamos estas cookies para optimizar la experiencia y realizar un seguimiento del rendimiento de nuestras campa\u00f1as. Estas requieren tu consentimiento expl\u00edcito a trav\u00e9s del banner de cookies. <\/p>\n<h2>4. Inventario de cookies utilizadas<\/h2>\n<details>\n<summary>Elementor (Estad\u00edsticas an\u00f3nimas)<\/summary>\n<p>Se utiliza para la maquetaci\u00f3n y el dise\u00f1o del contenido. No comparte datos con terceros. <\/p>\n<div class=\"cookie-grid\">\n<div class=\"grid-head\">Nombre<\/div>\n<div class=\"grid-head\">Caducidad<\/div>\n<div class=\"grid-head\">Funci\u00f3n<\/div>\n<div>elementor<\/div>\n<div>Persistente<\/div>\n<div>Almacena las acciones realizadas en el sitio web.<\/div>\n<\/p><\/div>\n<\/details>\n<details>\n<summary>Google reCAPTCHA (Seguridad)<\/summary>\n<p>Se utiliza para evitar el spam en los formularios.<\/p>\n<div class=\"cookie-grid\">\n<div class=\"grid-head\">Nombre<\/div>\n<div class=\"grid-head\">Caducidad<\/div>\n<div class=\"grid-head\">Funci\u00f3n<\/div>\n<div>_grecaptcha<\/div>\n<div>6 meses<\/div>\n<div>Protecci\u00f3n contra bots.<\/div>\n<div>rc::c<\/div>\n<div>Sesi\u00f3n<\/div>\n<div>Filtrado de solicitudes.<\/div>\n<\/p><\/div>\n<\/details>\n<details>\n<summary>Google Analytics (Estad\u00edsticas)<\/summary>\n<p>An\u00e1lisis del tr\u00e1fico y del comportamiento del usuario.<\/p>\n<div class=\"cookie-grid\">\n<div class=\"grid-head\">Nombre<\/div>\n<div class=\"grid-head\">Caducidad<\/div>\n<div class=\"grid-head\">Funci\u00f3n<\/div>\n<div>_ga<\/div>\n<div>2 a\u00f1os<\/div>\n<div>ID de usuario \u00fanico para el recuento de visitantes.<\/div>\n<div>_ga_*<\/div>\n<div>1 a\u00f1o<\/div>\n<div>Mantenimiento del estado de la sesi\u00f3n.<\/div>\n<\/p><\/div>\n<\/details>\n<details>\n<summary>Facebook \/ Meta (Marketing)<\/summary>\n<p>Integraci\u00f3n de funciones sociales y seguimiento publicitario.<\/p>\n<div class=\"cookie-grid\">\n<div class=\"grid-head\">Nombre<\/div>\n<div class=\"grid-head\">Caducidad<\/div>\n<div class=\"grid-head\">Funci\u00f3n<\/div>\n<div>_fbp<\/div>\n<div>3 meses<\/div>\n<div>Seguimiento de las visitas a trav\u00e9s de los sitios web.<\/div>\n<div>datr<\/div>\n<div>2 a\u00f1os<\/div>\n<div>Prevenci\u00f3n de fraude y seguridad.<\/div>\n<\/p><\/div>\n<\/details>\n<details>\n<summary>Gesti\u00f3n del consentimiento (Sistema)<\/summary>\n<p>Cookies necesarias para recordar si has aceptado o rechazado las cookies.<\/p>\n<div class=\"cookie-grid\">\n<div class=\"grid-head\">Nombre<\/div>\n<div class=\"grid-head\">Caducidad<\/div>\n<div class=\"grid-head\">Funci\u00f3n<\/div>\n<div>cmplz_preferences<\/div>\n<div>365 d\u00edas<\/div>\n<div>Guarda tus preferencias de consentimiento.<\/div>\n<div>cmplz_statistics<\/div>\n<div>365 d\u00edas<\/div>\n<div>Estado de las cookies estad\u00edsticas.<\/div>\n<\/p><\/div>\n<\/details>\n<\/div>\n\n    <\/div>\n<\/div>\n","protected":false},"excerpt":{"rendered":"","protected":false},"author":2,"featured_media":0,"parent":0,"menu_order":0,"comment_status":"closed","ping_status":"closed","template":"","meta":{"_acf_changed":false,"inline_featured_image":false,"footnotes":""},"class_list":["post-682","page","type-page","status-publish","hentry"],"acf":[],"_links":{"self":[{"href":"https:\/\/mamzelmarbella.com\/es\/wp-json\/wp\/v2\/pages\/682","targetHints":{"allow":["GET"]}}],"collection":[{"href":"https:\/\/mamzelmarbella.com\/es\/wp-json\/wp\/v2\/pages"}],"about":[{"href":"https:\/\/mamzelmarbella.com\/es\/wp-json\/wp\/v2\/types\/page"}],"author":[{"embeddable":true,"href":"https:\/\/mamzelmarbella.com\/es\/wp-json\/wp\/v2\/users\/2"}],"replies":[{"embeddable":true,"href":"https:\/\/mamzelmarbella.com\/es\/wp-json\/wp\/v2\/comments?post=682"}],"version-history":[{"count":1,"href":"https:\/\/mamzelmarbella.com\/es\/wp-json\/wp\/v2\/pages\/682\/revisions"}],"predecessor-version":[{"id":683,"href":"https:\/\/mamzelmarbella.com\/es\/wp-json\/wp\/v2\/pages\/682\/revisions\/683"}],"wp:attachment":[{"href":"https:\/\/mamzelmarbella.com\/es\/wp-json\/wp\/v2\/media?parent=682"}],"curies":[{"name":"wp","href":"https:\/\/api.w.org\/{rel}","templated":true}]}}